{"id":83,"date":"2024-02-25T13:18:50","date_gmt":"2024-02-25T13:18:50","guid":{"rendered":"https:\/\/www.bistrodestokerij.be\/?page_id=83"},"modified":"2025-10-14T19:38:44","modified_gmt":"2025-10-14T19:38:44","slug":"drinks","status":"publish","type":"page","link":"https:\/\/www.bistrodestokerij.be\/index.php\/drinks\/","title":{"rendered":"DRINKS"},"content":{"rendered":"<p>[et_pb_section fb_built=&#8221;1&#8243; _builder_version=&#8221;4.24.2&#8243; _module_preset=&#8221;default&#8221; background_color=&#8221;#000000&#8243; custom_margin=&#8221;3px|||||&#8221; global_colors_info=&#8221;{}&#8221;][et_pb_row _builder_version=&#8221;4.24.2&#8243; _module_preset=&#8221;default&#8221; global_colors_info=&#8221;{}&#8221;][et_pb_column type=&#8221;4_4&#8243; _builder_version=&#8221;4.24.2&#8243; _module_preset=&#8221;default&#8221; global_colors_info=&#8221;{}&#8221;][et_pb_image src=&#8221;https:\/\/www.bistrodestokerij.be\/wp-content\/uploads\/2024\/02\/drinks-13.jpg&#8221; title_text=&#8221;drinks-13&#8243; _builder_version=&#8221;4.24.2&#8243; _module_preset=&#8221;default&#8221; custom_margin_tablet=&#8221;&#8221; custom_margin_phone=&#8221;-67px||||false|false&#8221; custom_margin_last_edited=&#8221;on|phone&#8221; box_shadow_style=&#8221;preset6&#8243; box_shadow_blur=&#8221;58px&#8221; box_shadow_spread=&#8221;64px&#8221; box_shadow_color=&#8221;#000000&#8243; box_shadow_horizontal_tablet=&#8221;&#8221; box_shadow_horizontal_phone=&#8221;&#8221; box_shadow_horizontal_last_edited=&#8221;on|phone&#8221; box_shadow_color_tablet=&#8221;#000000&#8243; box_shadow_color_phone=&#8221;RGBA(255,255,255,0)&#8221; box_shadow_color_last_edited=&#8221;on|phone&#8221; global_colors_info=&#8221;{}&#8221;][\/et_pb_image][\/et_pb_column][\/et_pb_row][et_pb_row _builder_version=&#8221;4.24.2&#8243; _module_preset=&#8221;default&#8221; global_colors_info=&#8221;{}&#8221;][et_pb_column type=&#8221;4_4&#8243; _builder_version=&#8221;4.24.2&#8243; _module_preset=&#8221;default&#8221; global_colors_info=&#8221;{}&#8221;][et_pb_text _builder_version=&#8221;4.24.2&#8243; _module_preset=&#8221;default&#8221; text_font=&#8221;Bebas Neue||||||||&#8221; text_text_color=&#8221;gcid-26684db1-b0a4-40ee-a548-4e315e98d3b7&#8243; text_font_size=&#8221;60px&#8221; custom_margin=&#8221;||44px|||&#8221; global_colors_info=&#8221;{%22gcid-26684db1-b0a4-40ee-a548-4e315e98d3b7%22:%91%22text_text_color%22%93}&#8221;]<\/p>\n<p style=\"text-align: center;\">Drinks<\/p>\n<p>[\/et_pb_text][et_pb_text _builder_version=&#8221;4.24.2&#8243; _module_preset=&#8221;default&#8221; text_font=&#8221;Bebas Neue||||||||&#8221; text_text_color=&#8221;gcid-26684db1-b0a4-40ee-a548-4e315e98d3b7&#8243; text_font_size=&#8221;47px&#8221; min_height=&#8221;12.8px&#8221; custom_margin=&#8221;16px||9px||false|false&#8221; text_font_size_tablet=&#8221;47px&#8221; text_font_size_phone=&#8221;32px&#8221; text_font_size_last_edited=&#8221;on|phone&#8221; global_colors_info=&#8221;{%22gcid-26684db1-b0a4-40ee-a548-4e315e98d3b7%22:%91%22text_text_color%22%93}&#8221;]<\/p>\n<p style=\"text-align: center;\">\u201cCoffee is a hug in a mug.\u201d<\/p>\n<p>[\/et_pb_text][\/et_pb_column][\/et_pb_row][et_pb_row column_structure=&#8221;1_2,1_2&#8243; _builder_version=&#8221;4.24.2&#8243; _module_preset=&#8221;default&#8221; custom_margin=&#8221;-7px|auto||auto||&#8221; custom_padding=&#8221;4px|||||&#8221; global_colors_info=&#8221;{}&#8221;][et_pb_column type=&#8221;1_2&#8243; _builder_version=&#8221;4.24.2&#8243; _module_preset=&#8221;default&#8221; global_colors_info=&#8221;{}&#8221;][et_pb_text _builder_version=&#8221;4.27.3&#8243; _module_preset=&#8221;default&#8221; text_text_color=&#8221;#FFFFFF&#8221; header_2_font=&#8221;Bebas Neue||||||||&#8221; header_2_text_color=&#8221;gcid-26684db1-b0a4-40ee-a548-4e315e98d3b7&#8243; hover_enabled=&#8221;0&#8243; global_colors_info=&#8221;{%22gcid-26684db1-b0a4-40ee-a548-4e315e98d3b7%22:%91%22header_2_text_color%22%93}&#8221; sticky_enabled=&#8221;0&#8243;]<\/p>\n<h2>Frisdranken<\/h2>\n<ul>\n<li>Coca Cola \/ zero \u20ac 3,2<\/li>\n<li>Fanta orange \/ sprite \u20ac 3,2<\/li>\n<li>Royal Bliss tonic \u20ac 3,4<\/li>\n<li>Royal Bliss agrum \u20ac 3,4<\/li>\n<li>Royal Bliss bitter lemon \u20ac 3,4<\/li>\n<li>Minute Maid sinaas \/ appel \u20ac 3,4<\/li>\n<li>Lipton Ice tea \/ green \/ peach \u20ac 3,4<\/li>\n<li>Tonissteiner citroen \/ orange \u20ac 3,8<\/li>\n<li>Tonissteiner vruchtenkorf \u20ac 4<\/li>\n<li>Fever tree assortiment \u20ac 4,3<\/li>\n<li>Double Dutch assortiment (zie<\/li>\n<li>mocktails) \u20ac 4,5<\/li>\n<\/ul>\n<p>[\/et_pb_text][et_pb_text _builder_version=&#8221;4.27.3&#8243; _module_preset=&#8221;default&#8221; text_text_color=&#8221;#FFFFFF&#8221; header_2_font=&#8221;Bebas Neue||||||||&#8221; header_2_text_color=&#8221;gcid-26684db1-b0a4-40ee-a548-4e315e98d3b7&#8243; hover_enabled=&#8221;0&#8243; global_colors_info=&#8221;{%22gcid-26684db1-b0a4-40ee-a548-4e315e98d3b7%22:%91%22header_2_text_color%22%93}&#8221; sticky_enabled=&#8221;0&#8243;]<\/p>\n<h2>Premium Waters<\/h2>\n<ul>\n<li>Vittel\u00a0 \u20ac 3,2<\/li>\n<li>San Pellegrino \u20ac 3,4<\/li>\n<li>1\/2L Aqua Panna \u20ac 6<\/li>\n<li>1\/2L San Pelligrino \u20ac 6<\/li>\n<li>1L Aqua Panna \u20ac 9,5<\/li>\n<li>1L San Pelligrino \u20ac 9,8<\/li>\n<\/ul>\n<p>[\/et_pb_text][et_pb_text _builder_version=&#8221;4.27.3&#8243; _module_preset=&#8221;default&#8221; text_text_color=&#8221;#FFFFFF&#8221; header_2_font=&#8221;Bebas Neue||||||||&#8221; header_2_text_color=&#8221;gcid-26684db1-b0a4-40ee-a548-4e315e98d3b7&#8243; hover_enabled=&#8221;0&#8243; global_colors_info=&#8221;{%22gcid-26684db1-b0a4-40ee-a548-4e315e98d3b7%22:%91%22header_2_text_color%22%93}&#8221; sticky_enabled=&#8221;0&#8243;]<\/p>\n<h2>Bieren van het vat<\/h2>\n<ul>\n<li>Cristal Alken \u20ac 3,2<\/li>\n<li>Cristal Alken 0,0% \u20ac 3,4<\/li>\n<li>Grimbergen blond \u20ac 4,5<\/li>\n<li>Tripel De Stokerij \u20ac 5<\/li>\n<\/ul>\n<p>[\/et_pb_text][et_pb_text _builder_version=&#8221;4.27.3&#8243; _module_preset=&#8221;default&#8221; text_text_color=&#8221;#FFFFFF&#8221; header_2_font=&#8221;Bebas Neue||||||||&#8221; header_2_text_color=&#8221;gcid-26684db1-b0a4-40ee-a548-4e315e98d3b7&#8243; hover_enabled=&#8221;0&#8243; global_colors_info=&#8221;{%22gcid-26684db1-b0a4-40ee-a548-4e315e98d3b7%22:%91%22header_2_text_color%22%93}&#8221; sticky_enabled=&#8221;0&#8243;]<\/p>\n<h2>Bieren op fles<\/h2>\n<ul>\n<li>Hapkin \u20ac 5<\/li>\n<li>La Trappe dubbel \u20ac 5<\/li>\n<li>La Trappe tripel \u20ac 5<\/li>\n<li>Kriek Mort Subite \u20ac 4,4<\/li>\n<li>Duvel \u20ac 5<\/li>\n<li>La Chouffe \u20ac 5<\/li>\n<li>La Chouffe Cherry \u20ac 5<\/li>\n<li>Delirium Tremens \u20ac 5,5<\/li>\n<li>Vedett pils 33cl \u20ac 4,5<\/li>\n<li>Desperados \u20ac 4,5<\/li>\n<li>Averbode \u20ac 5<\/li>\n<li>Ter Dolen blond \u20ac 5<\/li>\n<li>Ter Dolen bruin \u20ac 5<\/li>\n<li>Kompel blond (ondergronds) \u20ac 5<\/li>\n<li>Kompel bruin (bovengronds) \u20ac 5<\/li>\n<\/ul>\n<p>[\/et_pb_text][et_pb_text _builder_version=&#8221;4.27.3&#8243; _module_preset=&#8221;default&#8221; text_text_color=&#8221;#FFFFFF&#8221; header_2_font=&#8221;Bebas Neue||||||||&#8221; header_2_text_color=&#8221;gcid-26684db1-b0a4-40ee-a548-4e315e98d3b7&#8243; hover_enabled=&#8221;0&#8243; global_colors_info=&#8221;{%22gcid-26684db1-b0a4-40ee-a548-4e315e98d3b7%22:%91%22header_2_text_color%22%93}&#8221; sticky_enabled=&#8221;0&#8243;]<\/p>\n<h2>Alcoholvrije bieren<\/h2>\n<ul>\n<li>Cristal Alken van het vat \u20ac 3,4<\/li>\n<li>Affligem \u20ac 5<\/li>\n<li>Chouffe \u20ac 5<\/li>\n<li>Force Majeure \u20ac 5<\/li>\n<li>Liefmans fruitbier \u20ac 4,5<\/li>\n<\/ul>\n<p>[\/et_pb_text][\/et_pb_column][et_pb_column type=&#8221;1_2&#8243; _builder_version=&#8221;4.24.2&#8243; _module_preset=&#8221;default&#8221; global_colors_info=&#8221;{}&#8221;][et_pb_text _builder_version=&#8221;4.27.3&#8243; _module_preset=&#8221;default&#8221; text_text_color=&#8221;#FFFFFF&#8221; header_2_font=&#8221;Bebas Neue||||||||&#8221; header_2_text_color=&#8221;gcid-26684db1-b0a4-40ee-a548-4e315e98d3b7&#8243; hover_enabled=&#8221;0&#8243; global_colors_info=&#8221;{%22gcid-26684db1-b0a4-40ee-a548-4e315e98d3b7%22:%91%22header_2_text_color%22%93}&#8221; sticky_enabled=&#8221;0&#8243;]<\/p>\n<h2>Cocktails<\/h2>\n<ul>\n<li>Oma\u2019s appeltaart (rum\/kaneel\/appel) \u20ac 13<\/li>\n<li>Witte Porto Cruz tonic \u20ac 10<\/li>\n<li>Roze Porto Cruz tonic \u20ac 10<\/li>\n<li>Cuba Libre \u20ac 11<\/li>\n<li>Campari on the rocks \u20ac 6<\/li>\n<li>Campari tonic \u20ac 8,5<\/li>\n<li>Campari orange \u20ac 9<\/li>\n<li>Mojito \u20ac 13<\/li>\n<li>Sangria vers fruit (seizoen) \u20ac 9<\/li>\n<\/ul>\n<p>[\/et_pb_text][et_pb_text _builder_version=&#8221;4.27.3&#8243; _module_preset=&#8221;default&#8221; text_text_color=&#8221;#FFFFFF&#8221; header_2_font=&#8221;Bebas Neue||||||||&#8221; header_2_text_color=&#8221;gcid-26684db1-b0a4-40ee-a548-4e315e98d3b7&#8243; hover_enabled=&#8221;0&#8243; global_colors_info=&#8221;{%22gcid-26684db1-b0a4-40ee-a548-4e315e98d3b7%22:%91%22header_2_text_color%22%93}&#8221; sticky_enabled=&#8221;0&#8243;]<\/p>\n<h2>Mules, spritzes en negroni\u2019s<\/h2>\n<ul>\n<li>Moscow (wodka)mule \u20ac 13<\/li>\n<li>Jamaican (bruine rum) mule \u20ac 13<\/li>\n<li>Mexican (tequila) mule \u20ac 13<\/li>\n<li>Italian (amaretto) mule \u20ac 13<\/li>\n<li>Fabullous (Buffel gin) mule \u20ac 13<\/li>\n<\/ul>\n<p>&nbsp;<\/p>\n<ul>\n<li>Aperol spritz \u20ac 10<\/li>\n<li>Kriek spritz \u20ac 10<\/li>\n<li>Lillet spritz \u20ac 10<\/li>\n<li>Limoncello spritz \u20ac 13<\/li>\n<li>Italian spritz (Aperol-campari) \u20ac 11<\/li>\n<li>43 spritz \u20ac 12<\/li>\n<li>Sangria spritz (seizoen) \u20ac 13<\/li>\n<\/ul>\n<p>&nbsp;<\/p>\n<ul>\n<li>Negroni classic \u20ac 13<\/li>\n<li>Boulvardier (whisky) \u20ac 13<\/li>\n<li>Caribbean negroni (rum) \u20ac 13<\/li>\n<li>Mexican negroni (tequila) \u20ac 13<\/li>\n<\/ul>\n<p>[\/et_pb_text][et_pb_text _builder_version=&#8221;4.27.3&#8243; _module_preset=&#8221;default&#8221; text_text_color=&#8221;#FFFFFF&#8221; header_2_font=&#8221;Bebas Neue||||||||&#8221; header_2_text_color=&#8221;gcid-26684db1-b0a4-40ee-a548-4e315e98d3b7&#8243; hover_enabled=&#8221;0&#8243; global_colors_info=&#8221;{%22gcid-26684db1-b0a4-40ee-a548-4e315e98d3b7%22:%91%22header_2_text_color%22%93}&#8221; sticky_enabled=&#8221;0&#8243;]<\/p>\n<h2>Back to the 90\u2019s<\/h2>\n<ul>\n<li>Pisang orange \u20ac 8<\/li>\n<li>Safari orange \u20ac 8<\/li>\n<li>Passoa orange \u20ac 8<\/li>\n<li>Batida on the rocks \u20ac 6<\/li>\n<li>Martini on the rocks \u20ac 6<\/li>\n<li>Boswandeling on the rocks \u20ac 7<\/li>\n<li>Cola tik (Smeets) \u20ac 8<\/li>\n<li>Gin gini \u20ac 12<\/li>\n<\/ul>\n<p>[\/et_pb_text][et_pb_text _builder_version=&#8221;4.27.3&#8243; _module_preset=&#8221;default&#8221; text_text_color=&#8221;#FFFFFF&#8221; header_2_font=&#8221;Bebas Neue||||||||&#8221; header_2_text_color=&#8221;gcid-26684db1-b0a4-40ee-a548-4e315e98d3b7&#8243; hover_enabled=&#8221;0&#8243; global_colors_info=&#8221;{%22gcid-26684db1-b0a4-40ee-a548-4e315e98d3b7%22:%91%22header_2_text_color%22%93}&#8221; sticky_enabled=&#8221;0&#8243;]<\/p>\n<h2>Shotjes<\/h2>\n<ul>\n<li>Graanjenever Smeets \u20ac 4,5<\/li>\n<li>Fruit of cr\u00e8me-jenever Smeets \u20ac 4<\/li>\n<li>Limoncello \u20ac 4,5<\/li>\n<li>Tequila \u20ac 6<\/li>\n<li>Wodka \u20ac 8<\/li>\n<li>Grey goose wodka \u20ac 12<\/li>\n<\/ul>\n<p>[\/et_pb_text][et_pb_text _builder_version=&#8221;4.27.3&#8243; _module_preset=&#8221;default&#8221; text_text_color=&#8221;#FFFFFF&#8221; header_2_font=&#8221;Bebas Neue||||||||&#8221; header_2_text_color=&#8221;gcid-26684db1-b0a4-40ee-a548-4e315e98d3b7&#8243; hover_enabled=&#8221;0&#8243; global_colors_info=&#8221;{%22gcid-26684db1-b0a4-40ee-a548-4e315e98d3b7%22:%91%22header_2_text_color%22%93}&#8221; sticky_enabled=&#8221;0&#8243;]<\/p>\n<h2>Mocktails<\/h2>\n<ul>\n<li>Crodino \u20ac 4,5<\/li>\n<li>Crodino Tonic\u20ac 7,5<\/li>\n<li>Virgin Mojito \/ Virgin Aperol Spritz \u20ac 7,5<\/li>\n<li>Purple Mojito \u20ac 8<\/li>\n<li>Ginger kaneel limonade \u20ac 5,5<\/li>\n<li>Alcoholvrije Gin Tonic \u20ac 7,5<\/li>\n<li>Pom-Ton \u20ac 4,5<\/li>\n<li>Double dutch assortiment: \u20ac 4,5<br \/>Elderflower tonic \u2022 Cucumber watermelon \u2022 Pomegranate basil<br \/>Indian premium tonic \u2022 Pink grapefruit tonic \u2022 Ginger beer \u2022 Ginger ale<\/li>\n<\/ul>\n<p>[\/et_pb_text][\/et_pb_column][\/et_pb_row][et_pb_row _builder_version=&#8221;4.24.2&#8243; _module_preset=&#8221;default&#8221; global_colors_info=&#8221;{}&#8221;][et_pb_column type=&#8221;4_4&#8243; _builder_version=&#8221;4.24.2&#8243; _module_preset=&#8221;default&#8221; global_colors_info=&#8221;{}&#8221;][et_pb_text _builder_version=&#8221;4.24.2&#8243; _module_preset=&#8221;default&#8221; text_font=&#8221;Bebas Neue||||||||&#8221; text_text_color=&#8221;gcid-26684db1-b0a4-40ee-a548-4e315e98d3b7&#8243; text_font_size=&#8221;47px&#8221; text_font_size_tablet=&#8221;47px&#8221; text_font_size_phone=&#8221;28px&#8221; text_font_size_last_edited=&#8221;on|phone&#8221; global_colors_info=&#8221;{%22gcid-26684db1-b0a4-40ee-a548-4e315e98d3b7%22:%91%22text_text_color%22%93}&#8221;]<\/p>\n<p style=\"text-align: center;\">\u201cZonder tonic heeft het leven geen gin\u201d<\/p>\n<p>[\/et_pb_text][\/et_pb_column][\/et_pb_row][et_pb_row column_structure=&#8221;1_2,1_2&#8243; _builder_version=&#8221;4.24.2&#8243; _module_preset=&#8221;default&#8221; custom_padding=&#8221;9px|||||&#8221; global_colors_info=&#8221;{}&#8221; custom_margin=&#8221;18px|auto||auto||&#8221;][et_pb_column type=&#8221;1_2&#8243; _builder_version=&#8221;4.24.2&#8243; _module_preset=&#8221;default&#8221; global_colors_info=&#8221;{}&#8221;][et_pb_text _builder_version=&#8221;4.27.3&#8243; _module_preset=&#8221;default&#8221; text_text_color=&#8221;#FFFFFF&#8221; header_2_font=&#8221;Bebas Neue||||||||&#8221; header_2_text_color=&#8221;gcid-26684db1-b0a4-40ee-a548-4e315e98d3b7&#8243; hover_enabled=&#8221;0&#8243; global_colors_info=&#8221;{%22gcid-26684db1-b0a4-40ee-a548-4e315e98d3b7%22:%91%22header_2_text_color%22%93}&#8221; sticky_enabled=&#8221;0&#8243;]<\/p>\n<h2>Gin o\u2019clock<\/h2>\n<ul>\n<li>FABULLOUS APERO (gin\/campari\/tonic) \u20ac 13<\/li>\n<li>De Stokerij gin + Double Dutch tonic \u20ac 13<\/li>\n<li>De Stokerij gin + elderflower \u20ac 13<\/li>\n<li>Buffel gin + cucumber watermelon \u20ac 13<\/li>\n<li>Black and gold Buffel gin +<\/li>\n<li>pomegranate basil \u20ac 13<\/li>\n<li>Blossoming gin tonic \u20ac 13<\/li>\n<\/ul>\n<p>Gin flessen en pakketten te koop, vraag gerust meer info.<\/p>\n<p>[\/et_pb_text][et_pb_text _builder_version=&#8221;4.27.3&#8243; _module_preset=&#8221;default&#8221; text_text_color=&#8221;#FFFFFF&#8221; header_2_font=&#8221;Bebas Neue||||||||&#8221; header_2_text_color=&#8221;gcid-26684db1-b0a4-40ee-a548-4e315e98d3b7&#8243; hover_enabled=&#8221;0&#8243; global_colors_info=&#8221;{%22gcid-26684db1-b0a4-40ee-a548-4e315e98d3b7%22:%91%22header_2_text_color%22%93}&#8221; sticky_enabled=&#8221;0&#8243;]<\/p>\n<h2>Huiswijnen en huisbubbels<\/h2>\n<ul>\n<li>Witte wijn Tenute Rosetti \u20ac 6,5 &#8211; <\/li>\n<li>\u20ac 32<\/li>\n<li>Witte wijn Lou Gat Green (licht zoet) \u20ac 7-34\u00a0<\/li>\n<li>Ros\u00e9 Maison Montant Provence \u20ac 6,5 -\u20ac 32<\/li>\n<li>Rode wijn Tenute Rosetti \u20ac 6,5 &#8211; \u20ac 32<\/li>\n<li>Glas cava Mas\u00eda de la Luz \u20ac 6,8 &#8211; \u20ac 34<\/li>\n<li>Prosecco Serenello Brut \u20ac 8 &#8211; \u20ac 42<\/li>\n<li>Prosecco Serenello Ros\u00e9 \u20ac 8,5 &#8211; \u20ac 46<\/li>\n<li>Jacquart Champagne Brut \u20ac 14 &#8211; \u20ac 70<\/li>\n<\/ul>\n<p>Vraag gerust onze wijnkaart.<\/p>\n<p>[\/et_pb_text][et_pb_text _builder_version=&#8221;4.27.3&#8243; _module_preset=&#8221;default&#8221; text_text_color=&#8221;#FFFFFF&#8221; header_2_font=&#8221;Bebas Neue||||||||&#8221; header_2_text_color=&#8221;gcid-26684db1-b0a4-40ee-a548-4e315e98d3b7&#8243; hover_enabled=&#8221;0&#8243; global_colors_info=&#8221;{%22gcid-26684db1-b0a4-40ee-a548-4e315e98d3b7%22:%91%22header_2_text_color%22%93}&#8221; sticky_enabled=&#8221;0&#8243;]<\/p>\n<h2>Rum-Tastic<\/h2>\n<ul>\n<li>Buffel Rumble (Martinique) \u20ac 8<\/li>\n<li>Bacardi wit (Cuba) \u20ac 8<\/li>\n<li>Bacardi Reserva 4 a\u00f1os (Cuba) \u20ac 9<\/li>\n<li>Captain Morgan (UK) \u20ac 8,5<\/li>\n<li>Appleton (Jamaica) \u20ac 9,5<\/li>\n<li>Don Papa Masskara (Filipijnen) \u20ac 10<\/li>\n<li>Diplomatica rum (USA) \u20ac 12<\/li>\n<\/ul>\n<p>[\/et_pb_text][et_pb_text _builder_version=&#8221;4.27.3&#8243; _module_preset=&#8221;default&#8221; text_text_color=&#8221;#FFFFFF&#8221; header_2_font=&#8221;Bebas Neue||||||||&#8221; header_2_text_color=&#8221;gcid-26684db1-b0a4-40ee-a548-4e315e98d3b7&#8243; hover_enabled=&#8221;0&#8243; global_colors_info=&#8221;{%22gcid-26684db1-b0a4-40ee-a548-4e315e98d3b7%22:%91%22header_2_text_color%22%93}&#8221; sticky_enabled=&#8221;0&#8243;]<\/p>\n<h2>Whisky &#8211; Whiskey<\/h2>\n<ul>\n<li>Bushmills \u20ac 8<\/li>\n<li>J&amp;B \u20ac 8<\/li>\n<li>Glenmorangie \u20ac 9<\/li>\n<li>Glen Moray \u20ac 9<\/li>\n<li>Ardbeg \u20ac 12<\/li>\n<li>Chivas Regal \u20ac 15<\/li>\n<\/ul>\n<p>&nbsp;<\/p>\n<h2>Cognac<\/h2>\n<ul>\n<li>Hennesy \u20ac 14<\/li>\n<\/ul>\n<p>[\/et_pb_text][\/et_pb_column][et_pb_column type=&#8221;1_2&#8243; _builder_version=&#8221;4.24.2&#8243; _module_preset=&#8221;default&#8221; global_colors_info=&#8221;{}&#8221;][et_pb_text _builder_version=&#8221;4.27.3&#8243; _module_preset=&#8221;default&#8221; text_text_color=&#8221;#FFFFFF&#8221; header_2_font=&#8221;Bebas Neue||||||||&#8221; header_2_text_color=&#8221;gcid-26684db1-b0a4-40ee-a548-4e315e98d3b7&#8243; hover_enabled=&#8221;0&#8243; global_colors_info=&#8221;{%22gcid-26684db1-b0a4-40ee-a548-4e315e98d3b7%22:%91%22header_2_text_color%22%93}&#8221; sticky_enabled=&#8221;0&#8243;]<\/p>\n<h2>Warme dranken<\/h2>\n<ul>\n<li>Koffie\/d\u00e9ca Rombouts (Fairtrade) \u20ac 3,20<\/li>\n<li>Espresso\/ristretto \u20ac 3,20<\/li>\n<li>Cappuccino (melk) \u20ac 4<\/li>\n<li>Cafe panna (room) \u20ac 4<\/li>\n<li>Cafe latte\/verkeerd \u20ac 4,20<\/li>\n<li>Doppio cafe \u20ac 3,80\u20ac<\/li>\n<li>Aroma koffie\/slagroom \u20ac 5,60<\/li>\n<li>Alcohol koffie\/met slagroom<br \/>\u2022 van het huis \u201cHeidebitt\u201d \u20ac 9,50<br \/>\u2022 cr\u00e8me br\u00fbl\u00e9e koffie \u20ac 9,50<br \/>\u2022 Hasseltse koffie \u20ac 10<br \/>\u2022 Italiaanse koffie \u201cAmaretto\u201d \u20ac 10,50<br \/>\u2022 Irish coffee \u201cwhiskey\u201d \u20ac 10,50<br \/>\u2022 Baileys koffie \u20ac 10,50<\/li>\n<li>Verwenkoffie \u20ac 9,50<\/li>\n<\/ul>\n<p>&nbsp;<\/p>\n<h2>Thee assortiment<\/h2>\n<ul>\n<li>Zakje of verse bio-thee \u20ac 3,20<\/li>\n<li>Verse muntthee \u20ac 3,80<\/li>\n<li>Verse citroen\/gemberthee \u20ac 4,30<\/li>\n<\/ul>\n<p>&nbsp;<\/p>\n<h2>Warme chocolademelk<\/h2>\n<ul>\n<li>Verse chocolademelk \u20ac 4,50<\/li>\n<li>Verse chocolademelk met Baileys en slagroom \u20ac 10<\/li>\n<li>Supplement aroma (Monin siroop) \u20ac 1<\/li>\n<li>Supplement slagroom \u20ac 1<\/li>\n<\/ul>\n<p>[\/et_pb_text][\/et_pb_column][\/et_pb_row][\/et_pb_section]<\/p>\n","protected":false},"excerpt":{"rendered":"<p>Drinks\u201cCoffee is a hug in a mug.\u201dFrisdranken Coca Cola \/ zero \u20ac 3,2 Fanta orange \/ sprite \u20ac 3,2 Royal Bliss tonic \u20ac 3,4 Royal Bliss agrum \u20ac 3,4 Royal Bliss bitter lemon \u20ac 3,4 Minute Maid sinaas \/ appel \u20ac 3,4 Lipton Ice tea \/ green \/ peach \u20ac 3,4 Tonissteiner citroen \/ orange [&hellip;]<\/p>\n","protected":false},"author":1,"featured_media":0,"parent":0,"menu_order":0,"comment_status":"closed","ping_status":"closed","template":"","meta":{"_et_pb_use_builder":"on","_et_pb_old_content":"","_et_gb_content_width":"","iawp_total_views":2879,"footnotes":""},"difl_page_category":[],"class_list":["post-83","page","type-page","status-publish","hentry"],"_links":{"self":[{"href":"https:\/\/www.bistrodestokerij.be\/index.php\/wp-json\/wp\/v2\/pages\/83","targetHints":{"allow":["GET"]}}],"collection":[{"href":"https:\/\/www.bistrodestokerij.be\/index.php\/wp-json\/wp\/v2\/pages"}],"about":[{"href":"https:\/\/www.bistrodestokerij.be\/index.php\/wp-json\/wp\/v2\/types\/page"}],"author":[{"embeddable":true,"href":"https:\/\/www.bistrodestokerij.be\/index.php\/wp-json\/wp\/v2\/users\/1"}],"replies":[{"embeddable":true,"href":"https:\/\/www.bistrodestokerij.be\/index.php\/wp-json\/wp\/v2\/comments?post=83"}],"version-history":[{"count":6,"href":"https:\/\/www.bistrodestokerij.be\/index.php\/wp-json\/wp\/v2\/pages\/83\/revisions"}],"predecessor-version":[{"id":172,"href":"https:\/\/www.bistrodestokerij.be\/index.php\/wp-json\/wp\/v2\/pages\/83\/revisions\/172"}],"wp:attachment":[{"href":"https:\/\/www.bistrodestokerij.be\/index.php\/wp-json\/wp\/v2\/media?parent=83"}],"wp:term":[{"taxonomy":"difl_page_category","embeddable":true,"href":"https:\/\/www.bistrodestokerij.be\/index.php\/wp-json\/wp\/v2\/difl_page_category?post=83"}],"curies":[{"name":"wp","href":"https:\/\/api.w.org\/{rel}","templated":true}]}}